{"id":21,"date":"2018-10-28T09:59:46","date_gmt":"2018-10-28T09:59:46","guid":{"rendered":"https:\/\/orlschlieren.ch\/?page_id=21"},"modified":"2022-11-08T09:25:32","modified_gmt":"2022-11-08T09:25:32","slug":"impressum","status":"publish","type":"page","link":"https:\/\/www.orlschlieren.ch\/index.php\/impressum\/","title":{"rendered":"Impressum"},"content":{"rendered":"<p><span style=\"font-size: 12pt;\"><strong>Verantwortlich f\u00fcr den Inhalt dieser Seiten:<br \/>\n<\/strong>HNO (ORL-) Praxis in Schlieren: orlschlieren<br \/>\nDres. med. K. Murer und S. Zwicky<\/span><br \/>\n<span style=\"font-size: 12pt;\">Uitikonerstrasse 8, 8952 Schlieren<\/span><br \/>\n<span style=\"font-size: 12pt;\">+41 44 732 30 10<\/span><br \/>\n<span style=\"font-size: 12pt;\">www.orlschlieren.ch<\/span><\/p>\n<p><span style=\"font-size: 12pt;\"><strong>Webdesign:<br \/>\n<\/strong><a href=\"https:\/\/www.wiediscon.ch\" target=\"_blank\" rel=\"noopener\">WIEDISCON Records<\/a> Zwicky, Tontr\u00e4ger, Noten, Netzwerke<\/span><br \/>\n<span style=\"font-size: 12pt;\">+41 79 401 59 47 (Webmaster Conrad Zwicky)<br \/>\n<strong>Fotos:<br \/>\n<\/strong>Dirk Murer<br \/>\n<a href=\"https:\/\/murer-online.ch\" target=\"_blank\" rel=\"noopener\">Murer Nat\u00fcrlich GmbH<\/a><\/span><\/p>\n<p><span style=\"font-size: 12pt;\"><strong>Copyright<br \/>\n<\/strong>Das Copyright liegt f\u00fcr s\u00e4mtliche Inhalte bei HNO (ORL-) Praxis orlschlieren.<\/span><\/p>\n<p>&nbsp;<\/p>\n<p><span style=\"font-size: 12pt;\"><strong><em>Datenschutzerkl\u00e4rung<\/em><\/strong><\/span><\/p>\n<p><span style=\"font-size: 12pt;\">Welche personenbezogenen Daten sammeln wir und warum?<\/span><\/p>\n<p><span style=\"font-size: 12pt;\">Kommentare<\/span><br \/>\n<span style=\"font-size: 12pt;\">Wenn Besucher Kommentare auf der Website schreiben, sammeln wir die Daten, die im Kommentar-Formular angezeigt werden, au\u00dferdem die IP-Adresse des Besuchers und den User-Agent-String (damit wird der Browser identifiziert), um die Erkennung von Spam zu unterst\u00fctzen.<\/span><br \/>\n<span style=\"font-size: 12pt;\">Aus Ihrer E-Mail-Adresse kann eine anonymisierte Zeichenfolge erstellt (auch Hash genannt) und dem Gravatar-Dienst \u00fcbergeben werden, um zu pr\u00fcfen, ob Sie diesen benutzen. Die Datenschutzerkl\u00e4rung des Gravatar-Dienstes finden Sie hier: https:\/\/automattic.com\/privacy\/.<\/span><\/p>\n<p><span style=\"font-size: 12pt;\">Kontaktformulare<\/span><br \/>\n<span style=\"font-size: 12pt;\">\u00dcbermittelte Kontaktformulare werden durch uns nicht f\u00fcr Marketing-Zwecke verwendet.<\/span><\/p>\n<p><span style=\"font-size: 12pt;\">Cookies<\/span><\/p>\n<p><span style=\"font-size: 12pt;\">Sie k\u00f6nnen die Installation der Cookies durch eine entsprechende Einstellung Ihrer Browser-Software verhindern!<\/span><br \/>\n<span style=\"font-size: 12pt;\">Wenn Sie einen Kommentar auf unserer Website schreiben, ist das eine Einwilligung, Ihren Namen, E-Mail-Adresse und Website in Cookies zu speichern. Dies ist eine Komfortfunktion, damit Sie nicht, wenn Sie einen weiteren Kommentar schreiben, all diese Daten erneut eingeben m\u00fcssen.<\/span><\/p>\n<p><span style=\"font-size: 12pt;\">Eingebettete Inhalte von anderen Websites<\/span><br \/>\n<span style=\"font-size: 12pt;\">Beitr\u00e4ge auf dieser Website k\u00f6nnen eingebettete Inhalte beinhalten (z. B. Videos, Bilder, Beitr\u00e4ge, Bestellungsabwicklung etc.). Eingebettete Inhalte von anderen Websites verhalten sich exakt so, als ob der Besucher die andere Website besucht h\u00e4tte.<\/span><br \/>\n<span style=\"font-size: 12pt;\">Diese Websites k\u00f6nnen Daten \u00fcber Sie sammeln, Cookies benutzen, zus\u00e4tzliche Tracking-Dienste von Dritten einbetten und Ihre Interaktion mit diesem eingebetteten Inhalt aufzeichnen, inklusive Ihrer Interaktion mit dem eingebetteten Inhalt, falls Sie ein Konto haben und auf dieser Website angemeldet sind.<\/span><\/p>\n<p><span style=\"font-size: 12pt;\">Analysedienste, AdSense und Plugins<\/span><br \/>\n<span style=\"font-size: 12pt;\">Auf unseren Seiten sind keine Plugins des sozialen Netzwerks Facebook und keine Funktionen des Dienstes Twitter eingebunden.<\/span><\/p>\n<p><span style=\"font-size: 12pt;\">Datenschutzerkl\u00e4rung f\u00fcr die Nutzung von Google Adsense<\/span><br \/>\n<span style=\"font-size: 12pt;\">Diese Website kann Google AdSense, einen Dienst zum Einbinden von Werbeanzeigen der Google Inc. (\u201cGoogle\u201d) benutzen. Google AdSense verwendet sog. \u201cCookies\u201d, Textdateien, die auf Ihrem Computer gespeichert werden und die eine Analyse der Benutzung der Website erm\u00f6glicht. Google AdSense verwendet auch so genannte Web Beacons (unsichtbare Grafiken). Durch diese Web Beacons k\u00f6nnen Informationen wie der Besucherverkehr auf diesen Seiten ausgewertet werden.<\/span><br \/>\n<span style=\"font-size: 12pt;\">Die durch Cookies erzeugten Informationen \u00fcber die Benutzung dieser Website (einschlie\u00dflich Ihrer IP-Adresse) und Auslieferung von Werbeformaten werden an einen Server von Google in den USA \u00fcbertragen und dort gespeichert. Diese Informationen k\u00f6nnen von Google an Vertragspartner von Google weiter gegeben werden. Google wird Ihre IP-Adresse jedoch nicht mit anderen von Ihnen gespeicherten Daten zusammenf\u00fchren.<\/span><br \/>\n<span style=\"font-size: 12pt;\">Sie k\u00f6nnen die Installation der Cookies durch eine entsprechende Einstellung Ihrer Browser Software verhindern; wir weisen Sie jedoch darauf hin, dass Sie in diesem Fall gegebenenfalls nicht s\u00e4mtliche Funktionen dieser Website voll umf\u00e4nglich nutzen k\u00f6nnen. Durch die Nutzung dieser Website erkl\u00e4ren Sie sich mit der Bearbeitung der \u00fcber Sie erhobenen Daten durch Google in der zuvor beschriebenen Art und Weise und zu dem zuvor benannten Zweck einverstanden.<\/span><\/p>\n<p><span style=\"font-size: 12pt;\">Datenschutzerkl\u00e4rung f\u00fcr die Nutzung von Google Analytics<\/span><br \/>\n<span style=\"font-size: 12pt;\">Diese Website kann Google Analytics, einen Webanalysedienst der Google Inc. (\u201cGoogle\u201d), ben\u00fctzen. Google Analytics verwendet sog. \u201cCookies\u201d, Textdateien, die auf Ihrem Computer gespeichert werden und die eine Analyse der Benutzung der Website durch Sie erm\u00f6glichen. Die durch den Cookie erzeugten Informationen \u00fcber Ihre Benutzung dieser Website werden in der Regel an einen Server von Google in den USA \u00fcbertragen und dort gespeichert. Im Falle der Aktivierung der IP-Anonymisierung auf dieser Webseite wird Ihre IP-Adresse von Google jedoch innerhalb von Mitgliedstaaten der Europ\u00e4ischen Union oder in anderen Vertragsstaaten des Abkommens \u00fcber den Europ\u00e4ischen Wirtschaftsraum zuvor gek\u00fcrzt.<\/span><br \/>\n<span style=\"font-size: 12pt;\">Nur in Ausnahmef\u00e4llen wird die volle IP-Adresse an einen Server von Google in den USA \u00fcbertragen und dort gek\u00fcrzt. Google wird diese Informationen benutzen, um Ihre Nutzung der Website auszuwerten, um Reports \u00fcber die Websiteaktivit\u00e4ten f\u00fcr die Websitebetreiber zusammenzustellen und um weitere mit der Websitenutzung und der Internetnutzung verbundene Dienstleistungen zu erbringen. Auch wird Google diese Informationen gegebenenfalls an Dritte \u00fcbertragen, sofern dies gesetzlich vorgeschrieben oder soweit Dritte diese Daten im Auftrag von Google verarbeiten. Die im Rahmen von Google Analytics von Ihrem Browser \u00fcbermittelte IP-Adresse wird nicht mit anderen Daten von Google zusammengef\u00fchrt.<\/span><br \/>\n<span style=\"font-size: 12pt;\">Sie k\u00f6nnen die Installation der Cookies durch eine entsprechende Einstellung Ihrer Browser Software verhindern; wir weisen Sie jedoch darauf hin, dass Sie in diesem Fall gegebenenfalls nicht s\u00e4mtliche Funktionen dieser Website voll umf\u00e4nglich nutzen k\u00f6nnen. Durch die Nutzung dieser Website erkl\u00e4ren Sie sich mit der Bearbeitung der \u00fcber Sie erhobenen Daten durch Google in der zuvor beschriebenen Art und Weise und zu dem zuvor benannten Zweck einverstanden.<\/span><\/p>\n<p><span style=\"font-size: 12pt;\">Datenschutzerkl\u00e4rung f\u00fcr die Nutzung von Google +1<\/span><br \/>\n<span style=\"font-size: 12pt;\">Mithilfe der Google +1-Schaltfl\u00e4che k\u00f6nnen Sie Informationen weltweit ver\u00f6ffentlichen. \u00dcber die Google +1-Schaltfl\u00e4che erhalten Sie und andere Nutzer personalisierte Inhalte von Google und dessen Partnern. Google speichert sowohl die Information, dass Sie f\u00fcr einen Inhalt +1 gegeben haben, als auch Informationen \u00fcber die Seite, die Sie beim Klicken auf +1 angesehen haben. Ihre +1 k\u00f6nnen als Hinweise zusammen mit Ihrem Profilnamen und Ihrem Foto in Google-Diensten, wie etwa in Suchergebnissen oder in Ihrem Google-Profil, oder an anderen Stellen auf Websites und Anzeigen im Internet eingeblendet werden.<\/span><br \/>\n<span style=\"font-size: 12pt;\">Google zeichnet Informationen \u00fcber Ihre +1-Aktivit\u00e4ten auf, um die Google-Dienste f\u00fcr Sie und andere zu verbessern.<\/span><br \/>\n<span style=\"font-size: 12pt;\">Um die Google +1-Schaltfl\u00e4che verwenden zu k\u00f6nnen, ben\u00f6tigen Sie ein weltweit sichtbares, \u00f6ffentliches Google-Profil, das zumindest den f\u00fcr das Profil gew\u00e4hlten Namen enthalten muss. Dieser Name wird in allen Google-Diensten verwendet. In manchen F\u00e4llen kann dieser Name auch einen anderen Namen ersetzen, den Sie beim Teilen von Inhalten \u00fcber Ihr Google-Konto verwendet haben. Die Identit\u00e4t Ihres Google-Profils kann Nutzern angezeigt werden, die Ihre E-Mail-Adresse kennen oder \u00fcber andere identifizierende Informationen von Ihnen verf\u00fcgen.<\/span><br \/>\n<span style=\"font-size: 12pt;\">Neben den oben erl\u00e4uterten Verwendungszwecken werden die von Ihnen bereitgestellten Informationen gem\u00e4\u00df den geltenden Google-Datenschutzbestimmungen (http:\/\/www.google.com\/intl\/de\/policies\/privacy\/) genutzt. Google ver\u00f6ffentlicht m\u00f6glicherweise zusammengefasste Statistiken \u00fcber die +1-Aktivit\u00e4ten der Nutzer bzw. geben diese Statistiken an unsere Nutzer und Partner weiter, wie etwa Publisher, Inserenten oder verbundene Websites.<\/span><\/p>\n<p><span style=\"font-size: 12pt;\">Mit wem wir Ihre Daten teilen<\/span><\/p>\n<p><span style=\"font-size: 12pt;\">Speicherung der Daten<\/span><br \/>\n<span style=\"font-size: 12pt;\">Wenn Sie einen Kommentar schreiben, wird dieser inklusive Metadaten zeitlich unbegrenzt gespeichert. Auf diese Art k\u00f6nnen wir Folgekommentare automatisch erkennen und freigeben, anstelle sie in einer Moderations-Warteschlange festzuhalten.<\/span><br \/>\n<span style=\"font-size: 12pt;\">F\u00fcr Benutzer, die sich auf unserer Website registrieren, speichern wir zus\u00e4tzlich die pers\u00f6nlichen Informationen, die sie in ihren Benutzerprofilen angeben. Alle Benutzer k\u00f6nnen jederzeit ihre pers\u00f6nlichen Informationen einsehen, ver\u00e4ndern oder l\u00f6schen (der Benutzername kann nicht ver\u00e4ndert werden). Administratoren der Website k\u00f6nnen diese Informationen ebenfalls einsehen und ver\u00e4ndern.<\/span><\/p>\n<p><span style=\"font-size: 12pt;\">Diese Rechte haben Sie an Ihren Daten<\/span><br \/>\n<span style=\"font-size: 12pt;\">Wenn Sie Kommentare geschrieben haben, k\u00f6nnen Sie einen Export Ihrer personenbezogenen Daten bei uns anfordern, inklusive aller Daten, die Sie uns mitgeteilt haben. Dar\u00fcber hinaus k\u00f6nnen Sie die L\u00f6schung aller personenbezogenen Daten, die wir von Ihnen gespeichert haben, anfordern. Dies umfasst nicht die Daten, die wir aufgrund administrativer, rechtlicher oder sicherheitsrelevanter Notwendigkeiten aufbewahren m\u00fcssen.<\/span><\/p>\n<p><span style=\"font-size: 12pt;\">Wohin wir Ihre Daten senden<\/span><br \/>\n<span style=\"font-size: 12pt;\">Besucher-Kommentare k\u00f6nnten von einem automatisierten Dienst zur Spam-Erkennung untersucht werden.<\/span><\/p>\n<p><span style=\"font-size: 12pt;\">Kontakt-Informationen<\/span><br \/>\n<span style=\"font-size: 12pt;\">F\u00fcr Fragen zum Thema Datenschutz auf dieser Webseite oder wenn Sie Ihre personenbezogenen Daten bei uns anfordern m\u00f6chten, wenden Sie sich bitte per Mail an den Webadministrator: czw@zwicky.net<\/span><\/p>\n<p><span style=\"font-size: 12pt;\">Weitere Informationen<\/span><br \/>\n<span style=\"font-size: 12pt;\">Gest\u00fctzt auf Artikel 13 der schweizerischen Bundesverfassung und die datenschutzrechtlichen Bestimmungen des Bundes (Datenschutzgesetz, DSG) hat jede Person Anspruch auf Schutz ihrer Privatsph\u00e4re sowie auf Schutz vor Missbrauch ihrer pers\u00f6nlichen Daten. Wir halten diese Bestimmungen ein. Pers\u00f6nliche Daten werden streng vertraulich behandelt und weder an Dritte verkauft noch weiter gegeben.<\/span><\/p>\n<p><span style=\"font-size: 12pt;\">Wie wir Ihre Daten sch\u00fctzen<\/span><br \/>\n<span style=\"font-size: 12pt;\">In Zusammenarbeit mit unserem Hosting-Provider bem\u00fchen wir uns, die Datenbanken so gut wie m\u00f6glich vor fremden Zugriffen, Verlusten, Missbrauch oder vor F\u00e4lschung zu sch\u00fctzen.<\/span><br \/>\n<span style=\"font-size: 12pt;\">Beim Zugriff auf unsere Webseiten werden folgende Daten in Logfiles gespeichert: IP-Adresse, Datum, Uhrzeit, Browser-Anfrage und allg. \u00fcbertragene Informationen zum Betriebssystem resp. Browser. Diese Nutzungsdaten bilden die Basis f\u00fcr statistische, anonyme Auswertungen, so dass Trends erkennbar sind, anhand derer wir unsere Angebote entsprechend verbessern k\u00f6nnen.<\/span><\/p>\n<p><span style=\"font-size: 12pt;\">Haftungsausschluss<\/span><br \/>\n<span style=\"font-size: 12pt;\">Der Autor \u00fcbernimmt keinerlei Gew\u00e4hr hinsichtlich der inhaltlichen Richtigkeit, Genauigkeit, Aktualit\u00e4t, Zuverl\u00e4ssigkeit und Vollst\u00e4ndigkeit der Informationen.<\/span><br \/>\n<span style=\"font-size: 12pt;\">Haftungsanspr\u00fcche gegen den Autor wegen Sch\u00e4den materieller oder immaterieller Art, welche aus dem Zugriff oder der Nutzung bzw. Nichtnutzung der ver\u00f6ffentlichten Informationen, durch Missbrauch der Verbindung oder durch technische St\u00f6rungen entstanden sind, werden ausgeschlossen.<\/span><br \/>\n<span style=\"font-size: 12pt;\">Alle Angebote sind unverbindlich. Der Autor beh\u00e4lt es sich ausdr\u00fccklich vor, Teile der Seiten oder das gesamte Angebot ohne gesonderte Ank\u00fcndigung zu ver\u00e4ndern, zu erg\u00e4nzen, zu l\u00f6schen oder die Ver\u00f6ffentlichung zeitweise oder endg\u00fcltig einzustellen.<\/span><\/p>\n<p><span style=\"font-size: 12pt;\">Haftung f\u00fcr Links<\/span><br \/>\n<span style=\"font-size: 12pt;\">Verweise und Links auf Webseiten Dritter liegen ausserhalb unseres Verantwortungsbereichs Es wird jegliche Verantwortung f\u00fcr solche Webseiten abgelehnt. Der Zugriff und die Nutzung solcher Webseiten erfolgen auf eigene Gefahr des Nutzers oder der Nutzerin.<\/span><\/p>\n<p><span style=\"font-size: 12pt;\">Urheberrechte<\/span><br \/>\n<span style=\"font-size: 12pt;\">Die Urheber- und alle anderen Rechte an Inhalten, Bildern, Fotos oder anderen Dateien auf der Website geh\u00f6ren ausschliesslich dem Betreiber dieser Webseite oder den speziell genannten Rechtsinhabern. F\u00fcr die Reproduktion jeglicher Elemente ist die schriftliche Zustimmung der Urheberrechtstr\u00e4ger im Voraus einzuholen.<\/span><\/p>\n<p><span style=\"font-size: 12pt;\">Z\u00fcrich, 1. November 2020, C. Zwicky<\/span><\/p>\n","protected":false},"excerpt":{"rendered":"<p>Verantwortlich f\u00fcr den Inhalt dieser Seiten: HNO (ORL-) Praxis in Schlieren: orlschlieren Dres. med. K. Murer und S. Zwicky Uitikonerstrasse 8, 8952 Schlieren +41 44 732 30 10 www.orlschlieren.ch Webdesign: WIEDISCON Records Zwicky, Tontr\u00e4ger, Noten, Netzwerke +41 79 401 59 47 (Webmaster Conrad Zwicky) Fotos: Dirk Murer Murer Nat\u00fcrlich GmbH Copyright Das Copyright liegt f\u00fcr [&hellip;]<\/p>\n","protected":false},"author":1,"featured_media":0,"parent":0,"menu_order":0,"comment_status":"closed","ping_status":"closed","template":"","meta":{"site-sidebar-layout":"default","site-content-layout":"default","ast-site-content-layout":"default","site-content-style":"default","site-sidebar-style":"default","ast-global-header-display":"","ast-banner-title-visibility":"","ast-main-header-display":"","ast-hfb-above-header-display":"","ast-hfb-below-header-display":"","ast-hfb-mobile-header-display":"","site-post-title":"","ast-breadcrumbs-content":"","ast-featured-img":"","footer-sml-layout":"","ast-disable-related-posts":"","theme-transparent-header-meta":"default","adv-header-id-meta":"","stick-header-meta":"default","header-above-stick-meta":"","header-main-stick-meta":"","header-below-stick-meta":"","astra-migrate-meta-layouts":"default","ast-page-background-enabled":"default","ast-page-background-meta":{"desktop":{"background-color":"","background-image":"","background-repeat":"repeat","background-position":"center center","background-size":"auto","background-attachment":"scroll","background-type":"","background-media":"","overlay-type":"","overlay-color":"","overlay-opacity":"","overlay-gradient":""},"tablet":{"background-color":"","background-image":"","background-repeat":"repeat","background-position":"center center","background-size":"auto","background-attachment":"scroll","background-type":"","background-media":"","overlay-type":"","overlay-color":"","overlay-opacity":"","overlay-gradient":""},"mobile":{"background-color":"","background-image":"","background-repeat":"repeat","background-position":"center center","background-size":"auto","background-attachment":"scroll","background-type":"","background-media":"","overlay-type":"","overlay-color":"","overlay-opacity":"","overlay-gradient":""}},"ast-content-background-meta":{"desktop":{"background-color":"var(--ast-global-color-5)","background-image":"","background-repeat":"repeat","background-position":"center center","background-size":"auto","background-attachment":"scroll","background-type":"","background-media":"","overlay-type":"","overlay-color":"","overlay-opacity":"","overlay-gradient":""},"tablet":{"background-color":"var(--ast-global-color-5)","background-image":"","background-repeat":"repeat","background-position":"center center","background-size":"auto","background-attachment":"scroll","background-type":"","background-media":"","overlay-type":"","overlay-color":"","overlay-opacity":"","overlay-gradient":""},"mobile":{"background-color":"var(--ast-global-color-5)","background-image":"","background-repeat":"repeat","background-position":"center center","background-size":"auto","background-attachment":"scroll","background-type":"","background-media":"","overlay-type":"","overlay-color":"","overlay-opacity":"","overlay-gradient":""}},"footnotes":""},"class_list":["post-21","page","type-page","status-publish","hentry"],"yoast_head":"<!-- This site is optimized with the Yoast SEO plugin v27.4 - https:\/\/yoast.com\/product\/yoast-seo-wordpress\/ -->\n<title>Impressum - Praxis f\u00fcr Hals-, Nasen- und Ohrenkrankheiten<\/title>\n<meta name=\"robots\" content=\"index, follow, max-snippet:-1, max-image-preview:large, max-video-preview:-1\" \/>\n<link rel=\"canonical\" href=\"https:\/\/www.orlschlieren.ch\/index.php\/impressum\/\" \/>\n<meta property=\"og:locale\" content=\"de_DE\" \/>\n<meta property=\"og:type\" content=\"article\" \/>\n<meta property=\"og:title\" content=\"Impressum - Praxis f\u00fcr Hals-, Nasen- und Ohrenkrankheiten\" \/>\n<meta property=\"og:description\" content=\"Verantwortlich f\u00fcr den Inhalt dieser Seiten: HNO (ORL-) Praxis in Schlieren: orlschlieren Dres. med. K. Murer und S. Zwicky Uitikonerstrasse 8, 8952 Schlieren +41 44 732 30 10 www.orlschlieren.ch Webdesign: WIEDISCON Records Zwicky, Tontr\u00e4ger, Noten, Netzwerke +41 79 401 59 47 (Webmaster Conrad Zwicky) Fotos: Dirk Murer Murer Nat\u00fcrlich GmbH Copyright Das Copyright liegt f\u00fcr [&hellip;]\" \/>\n<meta property=\"og:url\" content=\"https:\/\/www.orlschlieren.ch\/index.php\/impressum\/\" \/>\n<meta property=\"og:site_name\" content=\"Praxis f\u00fcr Hals-, Nasen- und Ohrenkrankheiten\" \/>\n<meta property=\"article:modified_time\" content=\"2022-11-08T09:25:32+00:00\" \/>\n<meta name=\"twitter:card\" content=\"summary_large_image\" \/>\n<meta name=\"twitter:label1\" content=\"Gesch\u00e4tzte Lesezeit\" \/>\n\t<meta name=\"twitter:data1\" content=\"9\u00a0Minuten\" \/>\n<script type=\"application\/ld+json\" class=\"yoast-schema-graph\">{\"@context\":\"https:\\\/\\\/schema.org\",\"@graph\":[{\"@type\":\"WebPage\",\"@id\":\"https:\\\/\\\/www.orlschlieren.ch\\\/index.php\\\/impressum\\\/\",\"url\":\"https:\\\/\\\/www.orlschlieren.ch\\\/index.php\\\/impressum\\\/\",\"name\":\"Impressum - Praxis f\u00fcr Hals-, Nasen- und Ohrenkrankheiten\",\"isPartOf\":{\"@id\":\"https:\\\/\\\/www.orlschlieren.ch\\\/#website\"},\"datePublished\":\"2018-10-28T09:59:46+00:00\",\"dateModified\":\"2022-11-08T09:25:32+00:00\",\"inLanguage\":\"de\",\"potentialAction\":[{\"@type\":\"ReadAction\",\"target\":[\"https:\\\/\\\/www.orlschlieren.ch\\\/index.php\\\/impressum\\\/\"]}]},{\"@type\":\"WebSite\",\"@id\":\"https:\\\/\\\/www.orlschlieren.ch\\\/#website\",\"url\":\"https:\\\/\\\/www.orlschlieren.ch\\\/\",\"name\":\"Praxis f\u00fcr Hals-, Nasen- und Ohrenkrankheiten\",\"description\":\"Dr Karin Murer Soyka   -   Dr. Salome Zwicky-Beck   -   Dr. Stefanie Meyle\",\"publisher\":{\"@id\":\"https:\\\/\\\/www.orlschlieren.ch\\\/#organization\"},\"potentialAction\":[{\"@type\":\"SearchAction\",\"target\":{\"@type\":\"EntryPoint\",\"urlTemplate\":\"https:\\\/\\\/www.orlschlieren.ch\\\/?s={search_term_string}\"},\"query-input\":{\"@type\":\"PropertyValueSpecification\",\"valueRequired\":true,\"valueName\":\"search_term_string\"}}],\"inLanguage\":\"de\"},{\"@type\":\"Organization\",\"@id\":\"https:\\\/\\\/www.orlschlieren.ch\\\/#organization\",\"name\":\"Praxis f\u00fcr Hals-, Nasen- und Ohrenkrankheiten\",\"url\":\"https:\\\/\\\/www.orlschlieren.ch\\\/\",\"logo\":{\"@type\":\"ImageObject\",\"inLanguage\":\"de\",\"@id\":\"https:\\\/\\\/www.orlschlieren.ch\\\/#\\\/schema\\\/logo\\\/image\\\/\",\"url\":\"https:\\\/\\\/www.orlschlieren.ch\\\/wp-content\\\/uploads\\\/2020\\\/11\\\/cropped-logo_orlschlieren.jpeg\",\"contentUrl\":\"https:\\\/\\\/www.orlschlieren.ch\\\/wp-content\\\/uploads\\\/2020\\\/11\\\/cropped-logo_orlschlieren.jpeg\",\"width\":400,\"height\":68,\"caption\":\"Praxis f\u00fcr Hals-, Nasen- und Ohrenkrankheiten\"},\"image\":{\"@id\":\"https:\\\/\\\/www.orlschlieren.ch\\\/#\\\/schema\\\/logo\\\/image\\\/\"}}]}<\/script>\n<!-- \/ Yoast SEO plugin. -->","yoast_head_json":{"title":"Impressum - Praxis f\u00fcr Hals-, Nasen- und Ohrenkrankheiten","robots":{"index":"index","follow":"follow","max-snippet":"max-snippet:-1","max-image-preview":"max-image-preview:large","max-video-preview":"max-video-preview:-1"},"canonical":"https:\/\/www.orlschlieren.ch\/index.php\/impressum\/","og_locale":"de_DE","og_type":"article","og_title":"Impressum - Praxis f\u00fcr Hals-, Nasen- und Ohrenkrankheiten","og_description":"Verantwortlich f\u00fcr den Inhalt dieser Seiten: HNO (ORL-) Praxis in Schlieren: orlschlieren Dres. med. K. Murer und S. Zwicky Uitikonerstrasse 8, 8952 Schlieren +41 44 732 30 10 www.orlschlieren.ch Webdesign: WIEDISCON Records Zwicky, Tontr\u00e4ger, Noten, Netzwerke +41 79 401 59 47 (Webmaster Conrad Zwicky) Fotos: Dirk Murer Murer Nat\u00fcrlich GmbH Copyright Das Copyright liegt f\u00fcr [&hellip;]","og_url":"https:\/\/www.orlschlieren.ch\/index.php\/impressum\/","og_site_name":"Praxis f\u00fcr Hals-, Nasen- und Ohrenkrankheiten","article_modified_time":"2022-11-08T09:25:32+00:00","twitter_card":"summary_large_image","twitter_misc":{"Gesch\u00e4tzte Lesezeit":"9\u00a0Minuten"},"schema":{"@context":"https:\/\/schema.org","@graph":[{"@type":"WebPage","@id":"https:\/\/www.orlschlieren.ch\/index.php\/impressum\/","url":"https:\/\/www.orlschlieren.ch\/index.php\/impressum\/","name":"Impressum - Praxis f\u00fcr Hals-, Nasen- und Ohrenkrankheiten","isPartOf":{"@id":"https:\/\/www.orlschlieren.ch\/#website"},"datePublished":"2018-10-28T09:59:46+00:00","dateModified":"2022-11-08T09:25:32+00:00","inLanguage":"de","potentialAction":[{"@type":"ReadAction","target":["https:\/\/www.orlschlieren.ch\/index.php\/impressum\/"]}]},{"@type":"WebSite","@id":"https:\/\/www.orlschlieren.ch\/#website","url":"https:\/\/www.orlschlieren.ch\/","name":"Praxis f\u00fcr Hals-, Nasen- und Ohrenkrankheiten","description":"Dr Karin Murer Soyka   -   Dr. Salome Zwicky-Beck   -   Dr. Stefanie Meyle","publisher":{"@id":"https:\/\/www.orlschlieren.ch\/#organization"},"potentialAction":[{"@type":"SearchAction","target":{"@type":"EntryPoint","urlTemplate":"https:\/\/www.orlschlieren.ch\/?s={search_term_string}"},"query-input":{"@type":"PropertyValueSpecification","valueRequired":true,"valueName":"search_term_string"}}],"inLanguage":"de"},{"@type":"Organization","@id":"https:\/\/www.orlschlieren.ch\/#organization","name":"Praxis f\u00fcr Hals-, Nasen- und Ohrenkrankheiten","url":"https:\/\/www.orlschlieren.ch\/","logo":{"@type":"ImageObject","inLanguage":"de","@id":"https:\/\/www.orlschlieren.ch\/#\/schema\/logo\/image\/","url":"https:\/\/www.orlschlieren.ch\/wp-content\/uploads\/2020\/11\/cropped-logo_orlschlieren.jpeg","contentUrl":"https:\/\/www.orlschlieren.ch\/wp-content\/uploads\/2020\/11\/cropped-logo_orlschlieren.jpeg","width":400,"height":68,"caption":"Praxis f\u00fcr Hals-, Nasen- und Ohrenkrankheiten"},"image":{"@id":"https:\/\/www.orlschlieren.ch\/#\/schema\/logo\/image\/"}}]}},"_links":{"self":[{"href":"https:\/\/www.orlschlieren.ch\/index.php\/wp-json\/wp\/v2\/pages\/21","targetHints":{"allow":["GET"]}}],"collection":[{"href":"https:\/\/www.orlschlieren.ch\/index.php\/wp-json\/wp\/v2\/pages"}],"about":[{"href":"https:\/\/www.orlschlieren.ch\/index.php\/wp-json\/wp\/v2\/types\/page"}],"author":[{"embeddable":true,"href":"https:\/\/www.orlschlieren.ch\/index.php\/wp-json\/wp\/v2\/users\/1"}],"replies":[{"embeddable":true,"href":"https:\/\/www.orlschlieren.ch\/index.php\/wp-json\/wp\/v2\/comments?post=21"}],"version-history":[{"count":16,"href":"https:\/\/www.orlschlieren.ch\/index.php\/wp-json\/wp\/v2\/pages\/21\/revisions"}],"predecessor-version":[{"id":961,"href":"https:\/\/www.orlschlieren.ch\/index.php\/wp-json\/wp\/v2\/pages\/21\/revisions\/961"}],"wp:attachment":[{"href":"https:\/\/www.orlschlieren.ch\/index.php\/wp-json\/wp\/v2\/media?parent=21"}],"curies":[{"name":"wp","href":"https:\/\/api.w.org\/{rel}","templated":true}]}}