{"id":203,"date":"2018-10-28T08:57:53","date_gmt":"2018-10-28T08:57:53","guid":{"rendered":"https:\/\/orlschlieren.ch\/?page_id=203"},"modified":"2018-10-28T09:34:14","modified_gmt":"2018-10-28T09:34:14","slug":"ohren","status":"publish","type":"page","link":"https:\/\/www.orlschlieren.ch\/index.php\/ohren\/","title":{"rendered":"Ohren"},"content":{"rendered":"<p>Abkl\u00e4rung und Behandlung von<br \/>\n\u2022\u00a0\u00a0\u00a0\u00a0\u00a0Geh\u00f6rgangsproblemen<br \/>\n\u2022\u00a0\u00a0\u00a0\u00a0\u00a0Ohrdruckproblemen<br \/>\n\u2022\u00a0\u00a0\u00a0\u00a0\u00a0H\u00f6rst\u00f6rungen bei Kindern (auch Neugeborenenscreening) und Erwachsenen<br \/>\n\u2022\u00a0\u00a0\u00a0\u00a0\u00a0Abkl\u00e4rungen f\u00fcr H\u00f6rger\u00e4teversorgungen (Experten\u00e4rzte f\u00fcr IV und AHV)<br \/>\n\u2022\u00a0\u00a0\u00a0\u00a0\u00a0Schwindel (inkl. Videonystagmographie)<br \/>\n\u2022\u00a0\u00a0\u00a0\u00a0\u00a0Tinnitus (Ohrger\u00e4usche)<br \/>\n\u2022\u00a0\u00a0\u00a0\u00a0\u00a0Abstehohren<br \/>\n\u2022\u00a0\u00a0\u00a0\u00a0\u00a0Schiesstauglichkeit<br \/>\n\u2022\u00a0\u00a0\u00a0\u00a0\u00a0Tauchatteste<\/p>\n<p>&nbsp;<\/p>\n<p>&nbsp;<\/p>\n","protected":false},"excerpt":{"rendered":"<p>Abkl\u00e4rung und Behandlung von \u2022\u00a0\u00a0\u00a0\u00a0\u00a0Geh\u00f6rgangsproblemen \u2022\u00a0\u00a0\u00a0\u00a0\u00a0Ohrdruckproblemen \u2022\u00a0\u00a0\u00a0\u00a0\u00a0H\u00f6rst\u00f6rungen bei Kindern (auch Neugeborenenscreening) und Erwachsenen \u2022\u00a0\u00a0\u00a0\u00a0\u00a0Abkl\u00e4rungen f\u00fcr H\u00f6rger\u00e4teversorgungen (Experten\u00e4rzte f\u00fcr IV und AHV) \u2022\u00a0\u00a0\u00a0\u00a0\u00a0Schwindel (inkl. Videonystagmographie) \u2022\u00a0\u00a0\u00a0\u00a0\u00a0Tinnitus (Ohrger\u00e4usche) \u2022\u00a0\u00a0\u00a0\u00a0\u00a0Abstehohren \u2022\u00a0\u00a0\u00a0\u00a0\u00a0Schiesstauglichkeit \u2022\u00a0\u00a0\u00a0\u00a0\u00a0Tauchatteste &nbsp; &nbsp;<\/p>\n","protected":false},"author":1,"featured_media":0,"parent":0,"menu_order":0,"comment_status":"closed","ping_status":"closed","template":"","meta":{"site-sidebar-layout":"default","site-content-layout":"default","ast-site-content-layout":"default","site-content-style":"default","site-sidebar-style":"default","ast-global-header-display":"","ast-banner-title-visibility":"","ast-main-header-display":"","ast-hfb-above-header-display":"","ast-hfb-below-header-display":"","ast-hfb-mobile-header-display":"","site-post-title":"","ast-breadcrumbs-content":"","ast-featured-img":"","footer-sml-layout":"","ast-disable-related-posts":"","theme-transparent-header-meta":"","adv-header-id-meta":"","stick-header-meta":"","header-above-stick-meta":"","header-main-stick-meta":"","header-below-stick-meta":"","astra-migrate-meta-layouts":"default","ast-page-background-enabled":"default","ast-page-background-meta":{"desktop":{"background-color":"","background-image":"","background-repeat":"repeat","background-position":"center center","background-size":"auto","background-attachment":"scroll","background-type":"","background-media":"","overlay-type":"","overlay-color":"","overlay-opacity":"","overlay-gradient":""},"tablet":{"background-color":"","background-image":"","background-repeat":"repeat","background-position":"center center","background-size":"auto","background-attachment":"scroll","background-type":"","background-media":"","overlay-type":"","overlay-color":"","overlay-opacity":"","overlay-gradient":""},"mobile":{"background-color":"","background-image":"","background-repeat":"repeat","background-position":"center center","background-size":"auto","background-attachment":"scroll","background-type":"","background-media":"","overlay-type":"","overlay-color":"","overlay-opacity":"","overlay-gradient":""}},"ast-content-background-meta":{"desktop":{"background-color":"var(--ast-global-color-5)","background-image":"","background-repeat":"repeat","background-position":"center center","background-size":"auto","background-attachment":"scroll","background-type":"","background-media":"","overlay-type":"","overlay-color":"","overlay-opacity":"","overlay-gradient":""},"tablet":{"background-color":"var(--ast-global-color-5)","background-image":"","background-repeat":"repeat","background-position":"center center","background-size":"auto","background-attachment":"scroll","background-type":"","background-media":"","overlay-type":"","overlay-color":"","overlay-opacity":"","overlay-gradient":""},"mobile":{"background-color":"var(--ast-global-color-5)","background-image":"","background-repeat":"repeat","background-position":"center center","background-size":"auto","background-attachment":"scroll","background-type":"","background-media":"","overlay-type":"","overlay-color":"","overlay-opacity":"","overlay-gradient":""}},"footnotes":""},"class_list":["post-203","page","type-page","status-publish","hentry"],"yoast_head":"<!-- This site is optimized with the Yoast SEO plugin v27.4 - https:\/\/yoast.com\/product\/yoast-seo-wordpress\/ -->\n<title>Ohren - Praxis f\u00fcr Hals-, Nasen- und Ohrenkrankheiten<\/title>\n<meta name=\"robots\" content=\"index, follow, max-snippet:-1, max-image-preview:large, max-video-preview:-1\" \/>\n<link rel=\"canonical\" href=\"https:\/\/www.orlschlieren.ch\/index.php\/ohren\/\" \/>\n<meta property=\"og:locale\" content=\"de_DE\" \/>\n<meta property=\"og:type\" content=\"article\" \/>\n<meta property=\"og:title\" content=\"Ohren - Praxis f\u00fcr Hals-, Nasen- und Ohrenkrankheiten\" \/>\n<meta property=\"og:description\" content=\"Abkl\u00e4rung und Behandlung von \u2022\u00a0\u00a0\u00a0\u00a0\u00a0Geh\u00f6rgangsproblemen \u2022\u00a0\u00a0\u00a0\u00a0\u00a0Ohrdruckproblemen \u2022\u00a0\u00a0\u00a0\u00a0\u00a0H\u00f6rst\u00f6rungen bei Kindern (auch Neugeborenenscreening) und Erwachsenen \u2022\u00a0\u00a0\u00a0\u00a0\u00a0Abkl\u00e4rungen f\u00fcr H\u00f6rger\u00e4teversorgungen (Experten\u00e4rzte f\u00fcr IV und AHV) \u2022\u00a0\u00a0\u00a0\u00a0\u00a0Schwindel (inkl. Videonystagmographie) \u2022\u00a0\u00a0\u00a0\u00a0\u00a0Tinnitus (Ohrger\u00e4usche) \u2022\u00a0\u00a0\u00a0\u00a0\u00a0Abstehohren \u2022\u00a0\u00a0\u00a0\u00a0\u00a0Schiesstauglichkeit \u2022\u00a0\u00a0\u00a0\u00a0\u00a0Tauchatteste &nbsp; &nbsp;\" \/>\n<meta property=\"og:url\" content=\"https:\/\/www.orlschlieren.ch\/index.php\/ohren\/\" \/>\n<meta property=\"og:site_name\" content=\"Praxis f\u00fcr Hals-, Nasen- und Ohrenkrankheiten\" \/>\n<meta property=\"article:modified_time\" content=\"2018-10-28T09:34:14+00:00\" \/>\n<meta name=\"twitter:card\" content=\"summary_large_image\" \/>\n<script type=\"application\/ld+json\" class=\"yoast-schema-graph\">{\"@context\":\"https:\\\/\\\/schema.org\",\"@graph\":[{\"@type\":\"WebPage\",\"@id\":\"https:\\\/\\\/www.orlschlieren.ch\\\/index.php\\\/ohren\\\/\",\"url\":\"https:\\\/\\\/www.orlschlieren.ch\\\/index.php\\\/ohren\\\/\",\"name\":\"Ohren - Praxis f\u00fcr Hals-, Nasen- und Ohrenkrankheiten\",\"isPartOf\":{\"@id\":\"https:\\\/\\\/www.orlschlieren.ch\\\/#website\"},\"datePublished\":\"2018-10-28T08:57:53+00:00\",\"dateModified\":\"2018-10-28T09:34:14+00:00\",\"inLanguage\":\"de\",\"potentialAction\":[{\"@type\":\"ReadAction\",\"target\":[\"https:\\\/\\\/www.orlschlieren.ch\\\/index.php\\\/ohren\\\/\"]}]},{\"@type\":\"WebSite\",\"@id\":\"https:\\\/\\\/www.orlschlieren.ch\\\/#website\",\"url\":\"https:\\\/\\\/www.orlschlieren.ch\\\/\",\"name\":\"Praxis f\u00fcr Hals-, Nasen- und Ohrenkrankheiten\",\"description\":\"Dr Karin Murer Soyka   -   Dr. Salome Zwicky-Beck   -   Dr. Stefanie Meyle\",\"publisher\":{\"@id\":\"https:\\\/\\\/www.orlschlieren.ch\\\/#organization\"},\"potentialAction\":[{\"@type\":\"SearchAction\",\"target\":{\"@type\":\"EntryPoint\",\"urlTemplate\":\"https:\\\/\\\/www.orlschlieren.ch\\\/?s={search_term_string}\"},\"query-input\":{\"@type\":\"PropertyValueSpecification\",\"valueRequired\":true,\"valueName\":\"search_term_string\"}}],\"inLanguage\":\"de\"},{\"@type\":\"Organization\",\"@id\":\"https:\\\/\\\/www.orlschlieren.ch\\\/#organization\",\"name\":\"Praxis f\u00fcr Hals-, Nasen- und Ohrenkrankheiten\",\"url\":\"https:\\\/\\\/www.orlschlieren.ch\\\/\",\"logo\":{\"@type\":\"ImageObject\",\"inLanguage\":\"de\",\"@id\":\"https:\\\/\\\/www.orlschlieren.ch\\\/#\\\/schema\\\/logo\\\/image\\\/\",\"url\":\"https:\\\/\\\/www.orlschlieren.ch\\\/wp-content\\\/uploads\\\/2020\\\/11\\\/cropped-logo_orlschlieren.jpeg\",\"contentUrl\":\"https:\\\/\\\/www.orlschlieren.ch\\\/wp-content\\\/uploads\\\/2020\\\/11\\\/cropped-logo_orlschlieren.jpeg\",\"width\":400,\"height\":68,\"caption\":\"Praxis f\u00fcr Hals-, Nasen- und Ohrenkrankheiten\"},\"image\":{\"@id\":\"https:\\\/\\\/www.orlschlieren.ch\\\/#\\\/schema\\\/logo\\\/image\\\/\"}}]}<\/script>\n<!-- \/ Yoast SEO plugin. -->","yoast_head_json":{"title":"Ohren - Praxis f\u00fcr Hals-, Nasen- und Ohrenkrankheiten","robots":{"index":"index","follow":"follow","max-snippet":"max-snippet:-1","max-image-preview":"max-image-preview:large","max-video-preview":"max-video-preview:-1"},"canonical":"https:\/\/www.orlschlieren.ch\/index.php\/ohren\/","og_locale":"de_DE","og_type":"article","og_title":"Ohren - Praxis f\u00fcr Hals-, Nasen- und Ohrenkrankheiten","og_description":"Abkl\u00e4rung und Behandlung von \u2022\u00a0\u00a0\u00a0\u00a0\u00a0Geh\u00f6rgangsproblemen \u2022\u00a0\u00a0\u00a0\u00a0\u00a0Ohrdruckproblemen \u2022\u00a0\u00a0\u00a0\u00a0\u00a0H\u00f6rst\u00f6rungen bei Kindern (auch Neugeborenenscreening) und Erwachsenen \u2022\u00a0\u00a0\u00a0\u00a0\u00a0Abkl\u00e4rungen f\u00fcr H\u00f6rger\u00e4teversorgungen (Experten\u00e4rzte f\u00fcr IV und AHV) \u2022\u00a0\u00a0\u00a0\u00a0\u00a0Schwindel (inkl. Videonystagmographie) \u2022\u00a0\u00a0\u00a0\u00a0\u00a0Tinnitus (Ohrger\u00e4usche) \u2022\u00a0\u00a0\u00a0\u00a0\u00a0Abstehohren \u2022\u00a0\u00a0\u00a0\u00a0\u00a0Schiesstauglichkeit \u2022\u00a0\u00a0\u00a0\u00a0\u00a0Tauchatteste &nbsp; &nbsp;","og_url":"https:\/\/www.orlschlieren.ch\/index.php\/ohren\/","og_site_name":"Praxis f\u00fcr Hals-, Nasen- und Ohrenkrankheiten","article_modified_time":"2018-10-28T09:34:14+00:00","twitter_card":"summary_large_image","schema":{"@context":"https:\/\/schema.org","@graph":[{"@type":"WebPage","@id":"https:\/\/www.orlschlieren.ch\/index.php\/ohren\/","url":"https:\/\/www.orlschlieren.ch\/index.php\/ohren\/","name":"Ohren - Praxis f\u00fcr Hals-, Nasen- und Ohrenkrankheiten","isPartOf":{"@id":"https:\/\/www.orlschlieren.ch\/#website"},"datePublished":"2018-10-28T08:57:53+00:00","dateModified":"2018-10-28T09:34:14+00:00","inLanguage":"de","potentialAction":[{"@type":"ReadAction","target":["https:\/\/www.orlschlieren.ch\/index.php\/ohren\/"]}]},{"@type":"WebSite","@id":"https:\/\/www.orlschlieren.ch\/#website","url":"https:\/\/www.orlschlieren.ch\/","name":"Praxis f\u00fcr Hals-, Nasen- und Ohrenkrankheiten","description":"Dr Karin Murer Soyka   -   Dr. Salome Zwicky-Beck   -   Dr. Stefanie Meyle","publisher":{"@id":"https:\/\/www.orlschlieren.ch\/#organization"},"potentialAction":[{"@type":"SearchAction","target":{"@type":"EntryPoint","urlTemplate":"https:\/\/www.orlschlieren.ch\/?s={search_term_string}"},"query-input":{"@type":"PropertyValueSpecification","valueRequired":true,"valueName":"search_term_string"}}],"inLanguage":"de"},{"@type":"Organization","@id":"https:\/\/www.orlschlieren.ch\/#organization","name":"Praxis f\u00fcr Hals-, Nasen- und Ohrenkrankheiten","url":"https:\/\/www.orlschlieren.ch\/","logo":{"@type":"ImageObject","inLanguage":"de","@id":"https:\/\/www.orlschlieren.ch\/#\/schema\/logo\/image\/","url":"https:\/\/www.orlschlieren.ch\/wp-content\/uploads\/2020\/11\/cropped-logo_orlschlieren.jpeg","contentUrl":"https:\/\/www.orlschlieren.ch\/wp-content\/uploads\/2020\/11\/cropped-logo_orlschlieren.jpeg","width":400,"height":68,"caption":"Praxis f\u00fcr Hals-, Nasen- und Ohrenkrankheiten"},"image":{"@id":"https:\/\/www.orlschlieren.ch\/#\/schema\/logo\/image\/"}}]}},"_links":{"self":[{"href":"https:\/\/www.orlschlieren.ch\/index.php\/wp-json\/wp\/v2\/pages\/203","targetHints":{"allow":["GET"]}}],"collection":[{"href":"https:\/\/www.orlschlieren.ch\/index.php\/wp-json\/wp\/v2\/pages"}],"about":[{"href":"https:\/\/www.orlschlieren.ch\/index.php\/wp-json\/wp\/v2\/types\/page"}],"author":[{"embeddable":true,"href":"https:\/\/www.orlschlieren.ch\/index.php\/wp-json\/wp\/v2\/users\/1"}],"replies":[{"embeddable":true,"href":"https:\/\/www.orlschlieren.ch\/index.php\/wp-json\/wp\/v2\/comments?post=203"}],"version-history":[{"count":2,"href":"https:\/\/www.orlschlieren.ch\/index.php\/wp-json\/wp\/v2\/pages\/203\/revisions"}],"predecessor-version":[{"id":232,"href":"https:\/\/www.orlschlieren.ch\/index.php\/wp-json\/wp\/v2\/pages\/203\/revisions\/232"}],"wp:attachment":[{"href":"https:\/\/www.orlschlieren.ch\/index.php\/wp-json\/wp\/v2\/media?parent=203"}],"curies":[{"name":"wp","href":"https:\/\/api.w.org\/{rel}","templated":true}]}}